{"id":2,"date":"2023-01-08T12:15:09","date_gmt":"2023-01-08T12:15:09","guid":{"rendered":"http:\/\/mba-studium-online.cz\/?page_id=2"},"modified":"2024-04-18T08:13:09","modified_gmt":"2024-04-18T08:13:09","slug":"sample-page","status":"publish","type":"page","link":"https:\/\/mba-studium-online.cz\/","title":{"rendered":"Rozje\u010fte svou kari\u00e9ru s online MBA na OBEI &#8211; Oxford Business Education Institute"},"content":{"rendered":"\n<p>V dne\u0161n\u00edm rychle se m\u011bn\u00edc\u00edm sv\u011bt\u011b je kl\u00ed\u010dem k \u00fasp\u011bchu neust\u00e1l\u00e9 vzd\u011bl\u00e1v\u00e1n\u00ed a rozvoj dovednost\u00ed. Oxford Business Education Institute (OBEI) nab\u00edz\u00ed inovativn\u00ed online MBA program, kter\u00fd je navr\u017een tak, aby vyhovoval pot\u0159eb\u00e1m ambici\u00f3zn\u00edch profesion\u00e1l\u016f hledaj\u00edc\u00edch flexibilitu, bez kompromisu v kvalit\u011b vzd\u011bl\u00e1n\u00ed. P\u0159ipojte se k n\u00e1m a posu\u0148te svou kari\u00e9ru na novou \u00farove\u0148.<\/p>\n\n\n\n<p><strong>Pro\u010d studovat MBA online na OBEI?<\/strong><\/p>\n\n\n\n<p><strong>Flexibilita:<\/strong> N\u00e1\u0161 program MBA je 100% online, co\u017e znamen\u00e1, \u017ee m\u016f\u017eete studovat odkudkoli na sv\u011bt\u011b, ve va\u0161em vlastn\u00edm tempu. A\u0165 u\u017e jste doma, v kancel\u00e1\u0159i nebo na cest\u00e1ch, va\u0161e vzd\u011bl\u00e1n\u00ed je v\u017edy na dosah ruky.<\/p>\n\n\n\n<p><strong>Presti\u017en\u00ed vzd\u011bl\u00e1n\u00ed:<\/strong> I p\u0159es online form\u00e1t vzd\u011bl\u00e1v\u00e1n\u00ed, OBEI udr\u017euje nejvy\u0161\u0161\u00ed standardy akademick\u00e9 excelence. Na\u0161e kurzy jsou vedeny zku\u0161en\u00fdmi lektory, kte\u0159\u00ed jsou odborn\u00edky ve sv\u00fdch oborech.<\/p>\n\n\n\n<p><strong>Mezin\u00e1rodn\u00ed akreditace:<\/strong> OBEI je hrd\u00e1 na svou mezin\u00e1rodn\u00ed akreditaci od IACBS, co\u017e zaji\u0161\u0165uje, \u017ee n\u00e1\u0161 online MBA program spl\u0148uje glob\u00e1ln\u00ed standardy a je uzn\u00e1van\u00fd po cel\u00e9m sv\u011bt\u011b.<\/p>\n\n\n\n<p><strong>Praktick\u00e1 aplikace:<\/strong> Teorie je d\u016fle\u017eit\u00e1, ale praktick\u00e1 aplikace toho, co se nau\u010d\u00edte, je kl\u00ed\u010dov\u00e1. N\u00e1\u0161 program klade velk\u00fd d\u016fraz na re\u00e1ln\u00e9 podnikatelsk\u00e9 sc\u00e9n\u00e1\u0159e a studie p\u0159\u00edpad\u016f, kter\u00e9 v\u00e1m umo\u017en\u00ed aplikovat znalosti p\u0159\u00edmo ve va\u0161em pracovn\u00edm prost\u0159ed\u00ed.<\/p>\n\n\n\n<p><strong>Kari\u00e9rn\u00ed r\u016fst:<\/strong> Absolventi na\u0161eho MBA programu \u010dasto vid\u00ed v\u00fdznamn\u00fd pokrok ve sv\u00fdch kari\u00e9r\u00e1ch, z\u00edsk\u00e1vaj\u00ed lep\u0161\u00ed pozice, vy\u0161\u0161\u00ed platy a v\u00edce mo\u017enost\u00ed pro profesn\u00ed r\u016fst. S na\u0161\u00edm MBA va\u0161e budoucnost vypad\u00e1 jasn\u011bji ne\u017e kdy jindy.<\/p>\n\n\n\n<p><strong>Zvl\u00e1\u0161tn\u00ed nab\u00eddka pro nov\u00e9 studenty:<\/strong> P\u0159ihlaste se nyn\u00ed a vyu\u017eijte na\u0161i speci\u00e1ln\u00ed uv\u00edtac\u00ed cenu pro prvn\u00ed modul. Zjist\u011bte, pro\u010d tis\u00edce student\u016f po cel\u00e9m sv\u011bt\u011b vybraly OBEI pro sv\u00e9 MBA studium.<\/p>\n\n\n\n<p><strong>Ne\u010dekejte na p\u0159\u00edle\u017eitost, vytvo\u0159te si ji.<\/strong> Vstupte do sv\u011bta MBA na OBEI, kde se kvalita vzd\u011bl\u00e1n\u00ed a flexibilita setk\u00e1vaj\u00ed s va\u0161\u00ed touhou po \u00fasp\u011bchu. Nav\u0161tivte n\u00e1\u0161 web <a href=\"https:\/\/obei.cz\/mba-studium-online\/\">obei.cz\/mba-studium-online\/<\/a> a zjist\u011bte v\u00edce o tom, jak m\u016f\u017eete za\u010d\u00edt ps\u00e1t dal\u0161\u00ed kapitolu sv\u00e9 profesn\u00ed cesty.<\/p>\n\n\n\n<p><strong>Roz\u0161i\u0159te sv\u00e9 obzory s online MBA na OBEI<\/strong><\/p>\n\n\n\n<p><strong>Sv\u011btov\u00e9 vzd\u011bl\u00e1vac\u00ed standardy:<\/strong> MBA program na OBEI je sestaven podle nejnov\u011bj\u0161\u00edch trend\u016f ve vzd\u011bl\u00e1v\u00e1n\u00ed a obchodn\u00edch praktik\u00e1ch. Nab\u00edz\u00edme \u0161irokou \u0161k\u00e1lu specializac\u00ed, v\u010detn\u011b financ\u00ed, marketingu, lidsk\u00fdch zdroj\u016f a mezin\u00e1rodn\u00edho obchodu, kter\u00e9 jsou navr\u017eeny tak, aby vyhov\u011bly r\u016fzn\u00fdm profesn\u00edm c\u00edl\u016fm a z\u00e1jm\u016fm na\u0161ich student\u016f.<\/p>\n\n\n\n<p><strong>P\u0159\u00edstup k rozs\u00e1hl\u00e9 s\u00edti:<\/strong> Krom\u011b v\u00fduky v\u00e1m program MBA na OBEI nab\u00edz\u00ed p\u0159\u00edstup k rozs\u00e1hl\u00e9 s\u00edti profesion\u00e1l\u016f a absolvent\u016f. Toto spojen\u00ed m\u016f\u017ee b\u00fdt cenn\u00fdm zdrojem pro networking, vyhled\u00e1v\u00e1n\u00ed pracovn\u00edch p\u0159\u00edle\u017eitost\u00ed, spolupr\u00e1ce na projektech, nebo i jako podpora v dal\u0161\u00edm kari\u00e9rn\u00edm r\u016fstu.<\/p>\n\n\n\n<p><strong>Modern\u00ed technologick\u00e9 prost\u0159edky:<\/strong> Vyu\u017e\u00edv\u00e1me nejnov\u011bj\u0161\u00ed technologie a vzd\u011bl\u00e1vac\u00ed platformy, kter\u00e9 zaji\u0161\u0165uj\u00ed, \u017ee studium je plynul\u00e9, interaktivn\u00ed a p\u0159izp\u016fsobiteln\u00e9 individu\u00e1ln\u00edm pot\u0159eb\u00e1m student\u016f. N\u00e1\u0161 online syst\u00e9m je navr\u017een tak, aby byl intuitivn\u00ed a snadno p\u0159\u00edstupn\u00fd z jak\u00e9hokoli za\u0159\u00edzen\u00ed s internetov\u00fdm p\u0159ipojen\u00edm.<\/p>\n\n\n\n<p><strong>Podpora b\u011bhem cel\u00e9ho studia:<\/strong> Na OBEI si v\u00e1\u017e\u00edme ka\u017ed\u00e9ho studenta a zaji\u0161\u0165ujeme, \u017ee dostanou pot\u0159ebnou podporu na ka\u017ed\u00e9m kroku studijn\u00ed cesty. Na\u0161i poradci jsou v\u00e1m k dispozici, aby v\u00e1m pomohli s jak\u00fdmikoli dotazy nebo probl\u00e9my, kter\u00e9 mohou v pr\u016fb\u011bhu studia nastat.<\/p>\n\n\n\n<p><strong>Zvy\u0161te svou konkurenceschopnost na trhu pr\u00e1ce:<\/strong> Absolventi na\u0161eho MBA programu jsou vybaveni nejen hlubok\u00fdmi znalostmi a dovednostmi, ale tak\u00e9 certifikac\u00ed, kter\u00e1 je v obchodn\u00edm sv\u011bt\u011b vysoce cen\u011bna. Tento titul otev\u00edr\u00e1 dve\u0159e k nov\u00fdm kari\u00e9rn\u00edm p\u0159\u00edle\u017eitostem a je uzn\u00e1v\u00e1n po cel\u00e9m sv\u011bt\u011b.<\/p>\n\n\n\n<p><strong>P\u0159ipojte se k n\u00e1m a za\u010dn\u011bte ps\u00e1t sv\u016fj p\u0159\u00edb\u011bh \u00fasp\u011bchu na OBEI.<\/strong> V\u00edce informac\u00ed najdete na na\u0161em webu <a href=\"http:\/\/obei.cz\">https:\/\/obei.cz<\/a>, kde m\u016f\u017eete snadno zah\u00e1jit proces p\u0159ihl\u00e1\u0161en\u00ed a p\u0159ibl\u00ed\u017eit se sv\u00fdm kari\u00e9rn\u00edm c\u00edl\u016fm s na\u0161\u00edm online MBA programem.<\/p>\n\n\n\n<p><\/p>\n\n\n\n<p><br>Studium MBA, neboli Master of Business Administration, je postgradu\u00e1ln\u00ed akademick\u00fd program, kter\u00fd je navr\u017een tak, aby poskytoval hlubok\u00e9 znalosti v oblasti obchodu a managementu. Programy MBA jsou uzn\u00e1van\u00e9 po cel\u00e9m sv\u011bt\u011b a jsou zn\u00e1m\u00e9 sv\u00fdm intenzivn\u00edm a prakticky orientovan\u00fdm p\u0159\u00edstupem k vzd\u011bl\u00e1v\u00e1n\u00ed ve sv\u011bt\u011b obchodu.<\/p>\n\n\n\n<p><strong>Historie MBA<\/strong><\/p>\n\n\n\n<p>Historie MBA sah\u00e1 do za\u010d\u00e1tku 20. stolet\u00ed ve Spojen\u00fdch st\u00e1tech. Prvn\u00ed program MBA byl zalo\u017een v roce 1908 na Harvard Business School a byl navr\u017een s c\u00edlem poskytnout v\u011bdeck\u00fd p\u0159\u00edstup k managementu. Od t\u00e9 doby se programy MBA rychle roz\u0161\u00ed\u0159ily po cel\u00e9m sv\u011bt\u011b a staly se synonymem pro pokro\u010dil\u00e9 obchodn\u00ed vzd\u011bl\u00e1n\u00ed.<\/p>\n\n\n\n<p><strong>V\u00fdvoj program\u016f MBA<\/strong><\/p>\n\n\n\n<p>P\u016fvodn\u011b byly programy MBA zam\u011b\u0159eny p\u0159edev\u0161\u00edm na kvantitativn\u00ed p\u0159\u00edstupy k obchodu, jako jsou \u00fa\u010detnictv\u00ed a logistika. S \u010dasem se v\u0161ak programy za\u010daly v\u00edce orientovat na \u0161ir\u0161\u00ed spektrum discipl\u00edn, v\u010detn\u011b strategick\u00e9ho managementu, lidsk\u00fdch zdroj\u016f, marketingu a mezin\u00e1rodn\u00edho obchodu. Dne\u0161n\u00ed MBA programy nab\u00edz\u00ed \u0161irokou \u0161k\u00e1lu specializac\u00ed, co\u017e student\u016fm umo\u017e\u0148uje p\u0159izp\u016fsobit sv\u00e9 vzd\u011bl\u00e1n\u00ed sv\u00fdm kari\u00e9rn\u00edm c\u00edl\u016fm.<\/p>\n\n\n\n<p><strong>MBA v digit\u00e1ln\u00edm v\u011bku<\/strong><\/p>\n\n\n\n<p>S n\u00e1stupem digit\u00e1ln\u00edho v\u011bku a glob\u00e1ln\u00edho trhu se programy MBA musely p\u0159izp\u016fsobit m\u011bn\u00edc\u00edm se pot\u0159eb\u00e1m obchodn\u00edho sv\u011bta. Online MBA programy, kter\u00e9 nab\u00edzej\u00ed flexibilitu a p\u0159\u00edstupnost, se staly st\u00e1le popul\u00e1rn\u011bj\u0161\u00ed pro profesion\u00e1ly, kte\u0159\u00ed cht\u011bj\u00ed zlep\u0161it sv\u00e9 dovednosti bez nutnosti opustit sv\u00e9 zam\u011bstn\u00e1n\u00ed nebo cestovat na kampus.<\/p>\n\n\n\n<p><strong>V\u00fdznam MBA<\/strong><\/p>\n\n\n\n<p>Absolvov\u00e1n\u00ed MBA m\u016f\u017ee v\u00fdznamn\u011b zlep\u0161it kari\u00e9rn\u00ed vyhl\u00eddky jednotlivc\u016f. Absolventi MBA \u010dasto zauj\u00edmaj\u00ed vedouc\u00ed pozice ve velk\u00fdch korporac\u00edch, start-upech, neziskov\u00fdch organizac\u00edch a vl\u00e1dn\u00edch agentur\u00e1ch. Program MBA nejen\u017ee poskytuje d\u016fle\u017eit\u00e9 obchodn\u00ed a mana\u017eersk\u00e9 dovednosti, ale tak\u00e9 rozv\u00edj\u00ed kritick\u00e9 my\u0161len\u00ed, leadership a schopnost efektivn\u00edho rozhodov\u00e1n\u00ed.<\/p>\n\n\n\n<p>V dne\u0161n\u00ed dob\u011b, kdy se obchodn\u00ed prost\u0159ed\u00ed neust\u00e1le vyv\u00edj\u00ed a zrychluje, z\u016fst\u00e1v\u00e1 MBA relevantn\u00ed a cennou investic\u00ed do profesn\u00edho a osobn\u00edho rozvoje.<\/p>\n","protected":false},"excerpt":{"rendered":"<p>V dne\u0161n\u00edm rychle se m\u011bn\u00edc\u00edm sv\u011bt\u011b je kl\u00ed\u010dem k \u00fasp\u011bchu neust\u00e1l\u00e9 vzd\u011bl\u00e1v\u00e1n\u00ed a rozvoj dovednost\u00ed. Oxford Business Education Institute (OBEI) nab\u00edz\u00ed inovativn\u00ed online MBA program, kter\u00fd je navr\u017een tak, aby vyhovoval pot\u0159eb\u00e1m ambici\u00f3zn\u00edch profesion\u00e1l\u016f hledaj\u00edc\u00edch flexibilitu, bez kompromisu v kvalit\u011b vzd\u011bl\u00e1n\u00ed. P\u0159ipojte se k n\u00e1m a posu\u0148te svou kari\u00e9ru na novou \u00farove\u0148. Pro\u010d studovat MBA [&hellip;]<\/p>\n","protected":false},"author":1,"featured_media":0,"parent":0,"menu_order":0,"comment_status":"closed","ping_status":"open","template":"","meta":{"footnotes":""},"class_list":["post-2","page","type-page","status-publish","hentry"],"_links":{"self":[{"href":"https:\/\/mba-studium-online.cz\/index.php?rest_route=\/wp\/v2\/pages\/2","targetHints":{"allow":["GET"]}}],"collection":[{"href":"https:\/\/mba-studium-online.cz\/index.php?rest_route=\/wp\/v2\/pages"}],"about":[{"href":"https:\/\/mba-studium-online.cz\/index.php?rest_route=\/wp\/v2\/types\/page"}],"author":[{"embeddable":true,"href":"https:\/\/mba-studium-online.cz\/index.php?rest_route=\/wp\/v2\/users\/1"}],"replies":[{"embeddable":true,"href":"https:\/\/mba-studium-online.cz\/index.php?rest_route=%2Fwp%2Fv2%2Fcomments&post=2"}],"version-history":[{"count":2,"href":"https:\/\/mba-studium-online.cz\/index.php?rest_route=\/wp\/v2\/pages\/2\/revisions"}],"predecessor-version":[{"id":10,"href":"https:\/\/mba-studium-online.cz\/index.php?rest_route=\/wp\/v2\/pages\/2\/revisions\/10"}],"wp:attachment":[{"href":"https:\/\/mba-studium-online.cz\/index.php?rest_route=%2Fwp%2Fv2%2Fmedia&parent=2"}],"curies":[{"name":"wp","href":"https:\/\/api.w.org\/{rel}","templated":true}]}}